{"id":54,"date":"2019-02-13T17:44:11","date_gmt":"2019-02-13T16:44:11","guid":{"rendered":"http:\/\/www.iks-schreibinstitut.de\/Wordpress\/?page_id=54"},"modified":"2025-11-20T19:24:15","modified_gmt":"2025-11-20T18:24:15","slug":"willkommen","status":"publish","type":"page","link":"https:\/\/www.iks-schreibinstitut.de\/","title":{"rendered":"Startseite"},"content":{"rendered":"\n<h5 class=\"wp-block-heading\">Institut f\u00fcr Kreatives Schreiben Berlin \u2013 Forschung<\/h5>\n\n\n\n<p>Das Institut f\u00fcr Kreatives Schreiben in Berlin, vereinsrechtlich gegr\u00fcndet am 1. Oktober 1986, tritt in seine zweite Entwicklungsphase. In seiner ersten Phase stand die Ausbildung, die Fort-\/ und Weiterbildung in unterschiedlichen Schwerpunkten des Kreativen Schreibens im Mittelpunkt. Zuvor waren die Protagonisten des Instituts seit den 1970er Jahren in der Westberliner Schreib- und Literaturszene aktiv.<\/p>\n\n\n\n<p>Das Institut hat seit 1987 in f\u00fcnf Sparten im <strong>Pr\u00e4senzstudium <\/strong>ca. 800 Studierende zu Multiplikatoren und Multiplikatorinnen des Kreativen Schreibens ausgebildet und zertifiziert:<\/p>\n\n\n\n<ul class=\"wp-block-list\">\n<li>C1Kurs: Kreatives Schreiben (Poesiep\u00e4dagogik)<\/li>\n\n\n\n<li>C2Kurs: Therapeutisches Schreiben (poetische Selbstanalyse, Autobiografie)<\/li>\n\n\n\n<li>C3Kurs: Berufliches und Wissenschaftliches Schreiben<\/li>\n\n\n\n<li>C4Kurs: Philosophisches Schreiben<\/li>\n\n\n\n<li>C5Kurs: Schreiben f\u00fcr Autorinnen und Autoren<\/li>\n<\/ul>\n\n\n\n<p>Im Fernstudium hat das Institut seit 1990 350 Studierende erreicht. Dieses Studium dauerte zwei Jahre. Die Studierenden wurden durch SchreibtrainerInnen begleitet und erwarben nach der Bearbeitung von zehn Modulen und einer Pr\u00fcfung (eigenes Schreibprojekt) ein Zertifikat nach den Richtlinien der Staatlichen Vergabestelle f\u00fcr Fernstudien.<\/p>\n\n\n\n<p>Das Institut war und ist das Vorbild f\u00fcr \u00e4hnliche Projekte in Deutschland. Es hatte, was andere Ans\u00e4tze vernachl\u00e4ssigten, intensive Kontakte zur Schreibbewegung in England, USA, Australien.<\/p>\n\n\n\n<p>Den Protagonisten des Instituts gelang es, an der Alice Salomon Hochschule in Berlin-Hellersdorf im Jahr 2007 den berufsbegleitenden Weiterbildungsstudiengang \u201eBiografisches und Kreatives Schreiben\u201c zu institutionalisieren. Mit der \u00dcbertragung der Ausbildungs-Schwerpunkte des Kreativen Schreibens an den nachgefragten Master-Studiengang hat das Institut seine Funktion der kreativen Erweiterung in Sozial-, Kultur- Gesundheits- und P\u00e4dagogikberufen erf\u00fcllt.<\/p>\n\n\n\n<h5 class=\"wp-block-heading\">Aus dem Ausbildungsinstitut IKS wird nun ein Forschungsinstitut des Kreativen Schreibens.<\/h5>\n\n\n\n<p>Dieser Funktionswechsel vollzieht sich nicht unvorbereitet. Mit dem 2017 erschienenen W\u00f6rterbuch des Kreativen Schreibens, Schibri-Verlag Berlin\/Strasburg\/Milow (hrsg. Lutz von Werder &amp; Friends), hat das Institut die Grundlage f\u00fcr seine Forschungspraxis in der 2. Institutsphase gelegt.<\/p>\n\n\n\n<p>Wer sich im Bereich des Kreativen Schreibens fortbilden will, findet im Studiengang Biografisches und Kreatives Schreiben an der Alice Salomon Hochschule die entsprechenden M\u00f6glichkeiten (\u201eSchreiben lernen, anwenden und weitergeben\u201c), Abschluss Master of Arts. Wer Beitr\u00e4ge zur Forschung des Kreativen Schreibens unterst\u00fctzten will, ist eingeladen, die 2. Phase des IKS Berlin zu unterst\u00fctzen.<\/p>\n\n\n\n<h5 class=\"wp-block-heading\">Die 2. Phase des Instituts f\u00fcr Kreatives Schreiben Berlin<\/h5>\n\n\n\n<p>Das \u201eW\u00f6rterbuch des Kreativen Schreibens\u201c, Band I und Band II, wurde zu einem Bestseller in der Schreibszene und war nach einem Jahr ausverkauft. Nun wird die 2. Auflage vorbereitet. Das ist die erste Aufgabe des IKS-F (=Forschungsprojekt). Es nimmt die gro\u00dfe Resonanz zum W\u00f6rterbuch mit den Hinweisen auf weitere Schwerpunkte\/Stichworte auf. Die zweite, erweiterte Auflage wird folgende Stichworte enthalten: Phantasie, Tagtraum, Kreatives Schreiben und K\u00fcnstliche Intelligenz, Kreatives Schreiben in Frankreich, China, Ru\u00dfland usw.<\/p>\n\n\n\n<p>Die weitere Aufgabe des Instituts ist die Erstellung des \u201eHandbuchs Kreatives Schreiben\u201c, das die Forschung zum Kreativen Schreiben in relevanten Zukunfts-Feldern darstellen wird. Folgende Gliederungspunkt f\u00fcr das Handbuch sind vorgesehen:<\/p>\n\n\n\n<ol class=\"wp-block-list\">\n<li>Abschnitt: Die <strong>wissenschaftlichen Grundlagen<\/strong> des Kreativen Schreibens unter Ber\u00fccksichtigung der Gehirnforschung, die Tiefenpsychologie, der Kognitionsforschung, der Soziologie, der Gruppenpsychologie usw.<\/li>\n\n\n\n<li>Abschnitt: <strong>Die Praxis des Kreativen Schreibens<\/strong> in den Feldern Einzelarbeit, Gruppenarbeit, Institutionen, Zivilgesellschaft<\/li>\n\n\n\n<li>Abschnitt: <strong>Die empirische Forschung<\/strong> des Kreativen Schreibens, die Erstellung aller Studien zur Empirie mit dem Schwerpunkt USA<\/li>\n\n\n\n<li>Abschnitt: Die <strong>Textsorten<\/strong> des Kreativen Schreibens<\/li>\n\n\n\n<li>Abschnitt: Die <strong>Globalisierung <\/strong>des Kreativen Schreibens<\/li>\n<\/ol>\n\n\n\n<p>Alle Fachleute, die sich einen Beitrag zum Handbuch vorstellen k\u00f6nnen, sind aufgefordert, sich bei Prof. Dr. Lutz von Werder, 10777 Berlin, Bamberger Str. 52 zu melden, um offene Fragen zu kl\u00e4ren.<\/p>\n\n\n\n<p>Das Institut (IKS-F) ist ab 2026 privat organisiert. Es ist deshalb auf Spenden angewiesen. Das Ziel w\u00e4re die In\u00ads\u00adti\u00adtu\u00adti\u00ado\u00adna\u00adli\u00adsie\u00adrung einer \u201eStiftung des Kreativen Schreibens\u201c. Wir wissen, dass wir mit der Organisation dieses Vorhabens vor einer gro\u00dfen H\u00fcrde stehen, sind aber durch unsere erfolgreiche Arbeit in den letzten Jahrzehnten seit den 1970er Jahren (erste H\u00fcrde) optimistisch und zuversichtlich, die zweite H\u00fcrde anzugehen.<\/p>\n","protected":false},"excerpt":{"rendered":"<p>Institut f\u00fcr Kreatives Schreiben Berlin \u2013 Forschung Das Institut f\u00fcr Kreatives Schreiben in Berlin, vereinsrechtlich gegr\u00fcndet am 1. Oktober 1986, tritt in seine zweite Entwicklungsphase.<\/p>\n","protected":false},"author":1,"featured_media":0,"parent":0,"menu_order":0,"comment_status":"closed","ping_status":"closed","template":"","meta":{"footnotes":""},"class_list":["post-54","page","type-page","status-publish","hentry"],"featured_image_urls_v2":{"full":"","thumbnail":"","medium":"","medium_large":"","large":"","1536x1536":"","2048x2048":"","post-thumbnail":""},"post_excerpt_stackable_v2":"<p>Institut f\u00fcr Kreatives Schreiben Berlin \u2013 Forschung Das Institut f\u00fcr Kreatives Schreiben in Berlin, vereinsrechtlich gegr\u00fcndet am 1. Oktober 1986, tritt in seine zweite Entwicklungsphase. In seiner ersten Phase stand die Ausbildung, die Fort-\/ und Weiterbildung in unterschiedlichen Schwerpunkten des Kreativen Schreibens im Mittelpunkt. Zuvor waren die Protagonisten des Instituts seit den 1970er Jahren in der Westberliner Schreib- und Literaturszene aktiv. Das Institut hat seit 1987 in f\u00fcnf Sparten im Pr\u00e4senzstudium ca. 800 Studierende zu Multiplikatoren und Multiplikatorinnen des Kreativen Schreibens ausgebildet und zertifiziert: C1Kurs: Kreatives Schreiben (Poesiep\u00e4dagogik) C2Kurs: Therapeutisches Schreiben (poetische Selbstanalyse, Autobiografie) C3Kurs: Berufliches und Wissenschaftliches Schreiben C4Kurs:&hellip;<\/p>\n","category_list_v2":"","author_info_v2":{"name":"IKS","url":"https:\/\/www.iks-schreibinstitut.de\/?author=1"},"comments_num_v2":"0 comments","_links":{"self":[{"href":"https:\/\/www.iks-schreibinstitut.de\/index.php?rest_route=\/wp\/v2\/pages\/54","targetHints":{"allow":["GET"]}}],"collection":[{"href":"https:\/\/www.iks-schreibinstitut.de\/index.php?rest_route=\/wp\/v2\/pages"}],"about":[{"href":"https:\/\/www.iks-schreibinstitut.de\/index.php?rest_route=\/wp\/v2\/types\/page"}],"author":[{"embeddable":true,"href":"https:\/\/www.iks-schreibinstitut.de\/index.php?rest_route=\/wp\/v2\/users\/1"}],"replies":[{"embeddable":true,"href":"https:\/\/www.iks-schreibinstitut.de\/index.php?rest_route=%2Fwp%2Fv2%2Fcomments&post=54"}],"version-history":[{"count":23,"href":"https:\/\/www.iks-schreibinstitut.de\/index.php?rest_route=\/wp\/v2\/pages\/54\/revisions"}],"predecessor-version":[{"id":1101,"href":"https:\/\/www.iks-schreibinstitut.de\/index.php?rest_route=\/wp\/v2\/pages\/54\/revisions\/1101"}],"wp:attachment":[{"href":"https:\/\/www.iks-schreibinstitut.de\/index.php?rest_route=%2Fwp%2Fv2%2Fmedia&parent=54"}],"curies":[{"name":"wp","href":"https:\/\/api.w.org\/{rel}","templated":true}]}}